{"id":2754,"date":"2023-08-25T07:54:57","date_gmt":"2023-08-25T07:54:57","guid":{"rendered":"https:\/\/cormana.ro\/?page_id=2754"},"modified":"2026-01-16T12:49:23","modified_gmt":"2026-01-16T12:49:23","slug":"kroger","status":"publish","type":"page","link":"https:\/\/cormana.ro\/en\/market-segments\/arable-farming\/kroger\/","title":{"rendered":"Kr\u00f6ger"},"content":{"rendered":"\n\n\t<p><strong>Kr\u00f6ger is synonymous with high quality, and customer-oriented solutions. Kr\u00f6ger has been a staple name in transport solutions for both the agricultural and earthmoving sectors for more than 60 years. Three factories, each building their own products, are controlled from the headquarters in Rechterfeld, Germany. CORMANA is a dealer of the Kr\u00f6ger Agroliner and Terraliner products. Kr\u00f6ger&#8217;s premium product range consists of: dump trailers, three-way tippers, bale and box transport trailers and, for earth-moving, heavy-duty dump trailers and hook-lift systems.<\/strong><\/p>\n<h2>\n\t\t\tCORMANA, your Kr\u00f6ger specialist\t<\/h2>\n\t<p>CORMANA sells and services the renowned Kr\u00f6ger machines. Are you interested in any of the machines below? Fill in the contact form below or contact one of our specialists.<\/p>\n<h2>\n\t\t\tDump trailer\t<\/h2>\n\t<p><strong>Kr\u00f6ger produces versatile and robust dump trailers to match all your operations. They are easy to manoeuvre and make for easy load transportation. Kr\u00f6ger produces three types of dump trailer:<\/strong><\/p>\n<ul>\n<li>MUK 303 (total weight 20,000 &#8211; 24,000 kg)<\/li>\n<li>MUK 402 (total weight 31,000 &#8211; 34,000 kg)<\/li>\n<li>TMR 34 (total weight 34,000 kg)<\/li>\n<\/ul>\n<figure itemscope itemtype=\"https:\/\/schema.org\/ImageObject\">\n\t\t\t\t<img decoding=\"async\" src=\"https:\/\/cormana.ro\/wp-content\/uploads\/2023\/08\/kroger-dump-trailer.jpg\" alt=\"kroger-dump-trailer\" height=\"900\" width=\"1280\" title=\"kroger-dump-trailer\" onerror=\"this.style.display='none'\" loading=\"lazy\" \/>\n\t<\/figure>\n<h2>\n\t\t\tBale transport trailer\t<\/h2>\n<figure itemscope itemtype=\"https:\/\/schema.org\/ImageObject\">\n\t\t\t\t<img decoding=\"async\" src=\"https:\/\/cormana.ro\/wp-content\/uploads\/2023\/08\/kroger-bale-transport-trailer.jpg\" alt=\"kroger-bale-transport-trailer\" height=\"900\" width=\"1280\" title=\"kroger-bale-transport-trailer\" onerror=\"this.style.display='none'\" loading=\"lazy\" \/>\n\t<\/figure>\n\t<p><strong>Kr\u00f6ger bale transport trailers are renowned for their versatility. Square or round bales, hay or straw, Kr\u00f6ger&#8217;s bale transport trailers move large quantities safely and quickly by road. Kr\u00f6ger produces two types of bale transport trailer:\u00a0<\/strong><\/p>\n<ul>\n<li>PWO 18 (total weight 18,000 kg)<\/li>\n<li>PWO 24 (total weight 24,000 kg)<\/li>\n<\/ul>\n\t\t\t<a href=\"#catalog\"  target=\"_self\">\n\t\t\t\t\t\t\tGet Cormana Kr\u00f6ger catalog\n\t\t\t\t\t<\/a>\n<h2>\n\t\t\tBox transport trailer\t<\/h2>\n\t<p><strong>Kr\u00f6ger platform trailers are not only ideal for transporting bales, but also for boxes. Kr\u00f6ger box transport trailers offer a large loading capacity and can be fitted with a time-saving hydraulic securing system. Kr\u00f6ger produces the following box transport trailers:\u00a0<\/strong><\/p>\n<ul>\n<li>PWO18 &#8211; 18T two-axle box transport trailer<\/li>\n<li>PWO18 &#8211; 14T three-axle box transport trailer<\/li>\n<\/ul>\n<figure itemscope itemtype=\"https:\/\/schema.org\/ImageObject\">\n\t\t\t\t<img decoding=\"async\" src=\"https:\/\/cormana.ro\/wp-content\/uploads\/2023\/08\/kroger-box-transport-trailer.jpg\" alt=\"kroger-box-transport-trailer\" height=\"900\" width=\"1280\" title=\"kroger-box-transport-trailer\" onerror=\"this.style.display='none'\" loading=\"lazy\" \/>\n\t<\/figure>\n<h2>\n\t\t\tHeavy-duty dump trailer\t<\/h2>\n<figure itemscope itemtype=\"https:\/\/schema.org\/ImageObject\">\n\t\t\t\t<img decoding=\"async\" src=\"https:\/\/cormana.ro\/wp-content\/uploads\/2023\/08\/kroger-heavy-duty-trailer.jpg\" alt=\"kroger-heavy-duty-trailer\" height=\"900\" width=\"1280\" title=\"kroger-heavy-duty-trailer\" onerror=\"this.style.display='none'\" loading=\"lazy\" \/>\n\t<\/figure>\n\t<p><strong>Kr\u00f6ger heavy-duty dump trailers are designed for transporting heavy bulk cargo on construction sites. They can be used for all modes of transport. Kr\u00f6ger produces several different types of heavy-duty dump trailer:\u00a0<\/strong><\/p>\n<ul>\n<li>MUP20HP &#8211; 20-24T Central-axle heavy-duty dump trailer<\/li>\n<li>MUP30HP &#8211; 31T Tridem heavy-duty dump trailer<\/li>\n<li>MUP20SP &#8211; 20-24T Central-axle heavy-duty dump trailer<\/li>\n<li>MUP30SP &#8211; 31-40T Tridem heavy-duty dump trailer<\/li>\n<\/ul>\n\t\t\t<a href=\"#catalog\"  target=\"_self\">\n\t\t\t\t\t\t\tGet Cormana Kr\u00f6ger catalog\n\t\t\t\t\t<\/a>\n<h2>\n\t\t\tHook-lift trailers\t<\/h2>\n\t<p><strong>The use of hook-lift trailers for agricultural purposes has increased in recent years. This is because a towed hook-lift trailer offers many possibilities. For example, carrying tipping containers, slurry tanks, manure spreaders and platform trailers and depositing them at the location required. Kr\u00f6ger produces two hook-lift trailer models:<\/strong><\/p>\n<ul>\n<li>THL 20 (total weight 20,000-24,000 kg, tipping\/lifting capacity 17,000-21,000 kg)<\/li>\n<li>THL 30 (total weight 31,000 &#8211; 34,000 kg, tipping\/lifting capacity 30,000 kg)<\/li>\n<\/ul>\n<figure itemscope itemtype=\"https:\/\/schema.org\/ImageObject\">\n\t\t\t\t<img decoding=\"async\" src=\"https:\/\/cormana.ro\/wp-content\/uploads\/2023\/08\/kroger-hook-lift-trailer.jpg\" alt=\"kroger-hook-lift-trailer\" height=\"900\" width=\"1280\" title=\"kroger-hook-lift-trailer\" onerror=\"this.style.display='none'\" loading=\"lazy\" \/>\n\t<\/figure>\n<h2>\n\t\t\tPush-off trailers\t<\/h2>\n<figure itemscope itemtype=\"https:\/\/schema.org\/ImageObject\">\n\t\t\t\t<img decoding=\"async\" src=\"https:\/\/cormana.ro\/wp-content\/uploads\/2023\/08\/kroger-push-off-trailers.jpg\" alt=\"kroger-push-off-trailers\" height=\"900\" width=\"1280\" title=\"kroger-push-off-trailers\" onerror=\"this.style.display='none'\" loading=\"lazy\" \/>\n\t<\/figure>\n\t<p><strong>Kr\u00f6ger push-off trailers enable large volumes to be transported quickly and safely. Their short loading and unloading times make them ideal for maize and grass silage. Kr\u00f6ger produces the following push-off trailers:\u00a0<\/strong><\/p>\n<ul>\n<li>TAW 20-K (total weight 20,000 &#8211; 24,000 kg)<\/li>\n<li>TAW 20 (total weight 20,000 &#8211; 24,000 kg)<\/li>\n<li>TAW 30 (total weight 30,000 &#8211; 34,000 kg)<\/li>\n<li>SAW 32 (total weight 32,000 kg)<\/li>\n<\/ul>\n\n","protected":false},"excerpt":{"rendered":"<p>Kr\u00f6ger is synonymous with high quality, and customer-oriented solutions. Kr\u00f6ger has been a staple name in transport solutions for both the agricultural and earthmoving sectors for more than 60 years. Three factories, each building their own products, are controlled from the headquarters in Rechterfeld, Germany. CORMANA is a dealer of the Kr\u00f6ger Agroliner and Terraliner&hellip;<\/p>\n","protected":false},"author":1,"featured_media":155598,"parent":331,"menu_order":0,"comment_status":"closed","ping_status":"closed","template":"","meta":{"_acf_changed":false,"footnotes":""},"categories":[],"tags":[],"class_list":["post-2754","page","type-page","status-publish","format-standard","has-post-thumbnail","hentry"],"acf":[],"_links":{"self":[{"href":"https:\/\/cormana.ro\/en\/wp-json\/wp\/v2\/pages\/2754","targetHints":{"allow":["GET"]}}],"collection":[{"href":"https:\/\/cormana.ro\/en\/wp-json\/wp\/v2\/pages"}],"about":[{"href":"https:\/\/cormana.ro\/en\/wp-json\/wp\/v2\/types\/page"}],"author":[{"embeddable":true,"href":"https:\/\/cormana.ro\/en\/wp-json\/wp\/v2\/users\/1"}],"replies":[{"embeddable":true,"href":"https:\/\/cormana.ro\/en\/wp-json\/wp\/v2\/comments?post=2754"}],"version-history":[{"count":11,"href":"https:\/\/cormana.ro\/en\/wp-json\/wp\/v2\/pages\/2754\/revisions"}],"predecessor-version":[{"id":155607,"href":"https:\/\/cormana.ro\/en\/wp-json\/wp\/v2\/pages\/2754\/revisions\/155607"}],"up":[{"embeddable":true,"href":"https:\/\/cormana.ro\/en\/wp-json\/wp\/v2\/pages\/331"}],"wp:featuredmedia":[{"embeddable":true,"href":"https:\/\/cormana.ro\/en\/wp-json\/wp\/v2\/media\/155598"}],"wp:attachment":[{"href":"https:\/\/cormana.ro\/en\/wp-json\/wp\/v2\/media?parent=2754"}],"wp:term":[{"taxonomy":"category","embeddable":true,"href":"https:\/\/cormana.ro\/en\/wp-json\/wp\/v2\/categories?post=2754"},{"taxonomy":"post_tag","embeddable":true,"href":"https:\/\/cormana.ro\/en\/wp-json\/wp\/v2\/tags?post=2754"}],"curies":[{"name":"wp","href":"https:\/\/api.w.org\/{rel}","templated":true}]}}